{"id":416,"date":"2023-04-18T11:08:32","date_gmt":"2023-04-18T09:08:32","guid":{"rendered":"https:\/\/sarahmatousek.com\/?page_id=416"},"modified":"2025-10-13T17:46:22","modified_gmt":"2025-10-13T15:46:22","slug":"biography","status":"publish","type":"page","link":"https:\/\/sarahmatousek.com\/en\/biography\/","title":{"rendered":"Biography"},"content":{"rendered":"<p data-start=\"52\" data-end=\"743\">Born in Geneva, Sarah Matousek stands out for a highly varied solo repertoire as a light lyric soprano, ranging from opera to chamber music and oratorio. In recent years, it is her particular affinity for the Baroque and Classical repertoire that has most shaped her artistic path.<\/p>\n<p data-start=\"52\" data-end=\"743\">In the<strong data-start=\"52\" data-end=\"79\"> 2025\/2026 season<\/strong>, Sarah will perform the operatic role of <strong data-start=\"112\" data-end=\"123\">Teofane<\/strong> (<em data-start=\"125\" data-end=\"133\">Ottone<\/em>, Handel) with the <strong data-start=\"152\" data-end=\"178\">Op\u00e9ra de l\u2019Imp\u00e9ratrice<\/strong> in Payerne. She will also appear as <strong>The Cat<\/strong> (<em data-start=\"228\" data-end=\"255\">Les Dinosaures et l\u2019Arche<\/em>, Leininger) at the <strong data-start=\"275\" data-end=\"289\">Cit\u00e9 Bleue<\/strong> in Geneva, under the baton of <strong data-start=\"320\" data-end=\"347\">Leonardo Garc\u00eda Alarc\u00f3n<\/strong>.<br \/>\nIn concert, Sarah will sing Soprano solo in <strong>Haendel<\/strong>&#8216;s oratorio\u00a0<em><strong>Judas Maccabaeus<\/strong>, <\/em>alongside <strong>Choeur Proarte<\/strong> and Capella Paterniacensis, under the baton of <strong>Pascal Mayer<\/strong>. She will also be soloist\u00a0in <strong data-start=\"388\" data-end=\"412\">Schubert\u2019s <em>Mass in G<\/em><\/strong> and <strong data-start=\"417\" data-end=\"444\" data-is-only-node=\"\">Vivaldi\u2019s <em>Dixit Dominus<\/em><\/strong> with the <strong data-start=\"454\" data-end=\"475\">Arte Musica Choir<\/strong>. She will also collaborate with various ensembles from French-speaking Switzerland, including <strong data-start=\"570\" data-end=\"594\">La Fontana Cantabile<\/strong>, <strong data-start=\"596\" data-end=\"608\">Diaphane<\/strong>, and others. In addition, Sarah will return to the <strong data-start=\"660\" data-end=\"698\">Grand Th\u00e9\u00e2tre de Gen\u00e8ve (La Plage)<\/strong> for various outreach and education projects.<\/p>\n<p data-start=\"1365\" data-end=\"2029\">In<strong> opera<\/strong>, Sarah has collaborated with the <strong data-start=\"1407\" data-end=\"1426\">Geneva Camerata<\/strong> (cond. David Greilsammer), performing multiple roles in a young audience adaptation of <strong>Rameau\u2019s <em data-start=\"1523\" data-end=\"1531\">Plat\u00e9e<\/em><\/strong>. In 2022, she performed at the <strong data-start=\"1563\" data-end=\"1584\">Op\u00e9ra de Lausanne<\/strong> in a series of recitals for young audiences. She also portrayed <strong data-start=\"1649\" data-end=\"1660\">Morgana<\/strong> (<em data-start=\"1662\" data-end=\"1670\">Alcina<\/em>, Handel) at the <strong data-start=\"1687\" data-end=\"1720\">Kammeroper Schloss Rheinsberg<\/strong> (cond. Attilio Cremonesi); sang as a soloist in <em><strong data-start=\"1769\" data-end=\"1788\">Castor&amp;&amp;Pollux<\/strong><\/em> (a new creation based on Rameau) at the <strong data-start=\"1829\" data-end=\"1868\">Heidelberger Fr\u00fchling Musikfestival<\/strong>; and performed the roles of <strong data-start=\"1897\" data-end=\"1908\">Belinda<\/strong> (<em data-start=\"1910\" data-end=\"1925\">Dido &amp; Aeneas<\/em>, Purcell) and <strong data-start=\"1940\" data-end=\"1949\">Amore<\/strong> (<em data-start=\"1951\" data-end=\"1978\">L\u2019incoronazione di Poppea<\/em>, Monteverdi) with <strong data-start=\"1997\" data-end=\"2018\">Ensemble OrQuesta<\/strong> in London.<\/p>\n<p data-start=\"1365\" data-end=\"2029\">In recent concert appearances, Sarah has performed as a soloist in <strong data-start=\"812\" data-end=\"844\">J. S. Bach\u2019s <em>Mass in B minor<\/em><\/strong> (Ensemble Buissonnier), <strong data-start=\"869\" data-end=\"902\">Mondonville\u2019s <em>In exitu Israel<\/em><\/strong> (Le Motet), and <strong data-start=\"919\" data-end=\"943\">Palmieri\u2019s <em>Misatango<\/em><\/strong> (Arte Musica Choir). In 2024, she was also a soloist in <strong data-start=\"1000\" data-end=\"1023\">Haydn\u2019s <em>Nelson Mass<\/em><\/strong> (HEM Geneva) and <strong data-start=\"1041\" data-end=\"1074\">J. S. Bach\u2019s <em>St. John Passion<\/em><\/strong>, conducted by <strong data-start=\"1089\" data-end=\"1104\">Ton Koopman<\/strong>. Other notable engagements include solo parts in <strong data-start=\"1154\" data-end=\"1190\">J. S. Bach\u2019s <em>St. Matthew Passion<\/em><\/strong> at the <strong data-start=\"1198\" data-end=\"1221\">Dartington Festival<\/strong> (UK), in Handel\u2019s <em><strong data-start=\"1240\" data-end=\"1251\">Messiah<\/strong><\/em> at <strong data-start=\"1255\" data-end=\"1277\">Lausanne Cathedral<\/strong>, and in the <em><strong data-start=\"1290\" data-end=\"1312\">Christmas Oratorio<\/strong><\/em> by Bach under the baton of <strong data-start=\"1344\" data-end=\"1362\">Masaaki Suzuki<\/strong>.<\/p>\n<p data-start=\"2031\" data-end=\"2490\">As an ensemble singer, Sarah has performed with the <strong data-start=\"2083\" data-end=\"2106\">Namur Chamber Choir<\/strong>, notably under the baton of<strong data-start=\"2139\" data-end=\"2166\"> Leonardo Garc\u00eda Alarc\u00f3n<\/strong>. For several seasons, she has collaborated regularly with various Swiss ensembles, including the <strong data-start=\"2264\" data-end=\"2299\">Chorus of the Op\u00e9ra de Lausanne<\/strong>, the <strong data-start=\"2305\" data-end=\"2346\">Chorus of the Grand Th\u00e9\u00e2tre de Gen\u00e8ve<\/strong>, the <strong data-start=\"2352\" data-end=\"2382\">Vocal Ensemble of Lausanne<\/strong>, the <strong data-start=\"2388\" data-end=\"2425\">Acad\u00e9mie Vocale de Suisse romande<\/strong>, <strong data-start=\"2427\" data-end=\"2448\">Ensemble Diaphane<\/strong>, <strong data-start=\"2450\" data-end=\"2475\">Ensemble Chiome d\u2019Oro<\/strong>, among others.<\/p>\n<p data-start=\"2492\" data-end=\"2859\">After earning a Bachelor\u2019s and a Master\u2019s degree in performance at the <strong data-start=\"2571\" data-end=\"2609\">Haute \u00c9cole de Musique de Lausanne<\/strong> (class of Fr\u00e9d\u00e9ric Gindraux), Sarah pursued further training in <strong data-start=\"2678\" data-end=\"2688\">London<\/strong> with various teachers. In 2024, she was awarded a Master\u2019s degree in Vocal Pedagogy from the <strong data-start=\"2786\" data-end=\"2822\">Haute \u00c9cole de Musique de Gen\u00e8ve<\/strong>, studying with Cl\u00e9mence Tilquin.<\/p>\n<p data-start=\"2861\" data-end=\"2879\">September 2025<\/p>\n<p>&nbsp;<\/p>\n<hr class=\"bg-offsetPlus dark:bg-offsetPlusDark h-px border-0\" \/>\n","protected":false},"excerpt":{"rendered":"<p>Born in Geneva, Sarah Matousek stands out for a highly varied solo repertoire as a light lyric soprano, ranging from opera to chamber music and oratorio. In recent years, it is her particular affinity for the Baroque and Classical repertoire that has most shaped her artistic path. In the 2025\/2026 season, Sarah will perform the [&hellip;]<\/p>\n","protected":false},"author":2,"featured_media":718,"parent":0,"menu_order":0,"comment_status":"closed","ping_status":"closed","template":"","meta":{"footnotes":""},"acf":[],"_links":{"self":[{"href":"https:\/\/sarahmatousek.com\/en\/wp-json\/wp\/v2\/pages\/416"}],"collection":[{"href":"https:\/\/sarahmatousek.com\/en\/wp-json\/wp\/v2\/pages"}],"about":[{"href":"https:\/\/sarahmatousek.com\/en\/wp-json\/wp\/v2\/types\/page"}],"author":[{"embeddable":true,"href":"https:\/\/sarahmatousek.com\/en\/wp-json\/wp\/v2\/users\/2"}],"replies":[{"embeddable":true,"href":"https:\/\/sarahmatousek.com\/en\/wp-json\/wp\/v2\/comments?post=416"}],"version-history":[{"count":8,"href":"https:\/\/sarahmatousek.com\/en\/wp-json\/wp\/v2\/pages\/416\/revisions"}],"predecessor-version":[{"id":863,"href":"https:\/\/sarahmatousek.com\/en\/wp-json\/wp\/v2\/pages\/416\/revisions\/863"}],"wp:featuredmedia":[{"embeddable":true,"href":"https:\/\/sarahmatousek.com\/en\/wp-json\/wp\/v2\/media\/718"}],"wp:attachment":[{"href":"https:\/\/sarahmatousek.com\/en\/wp-json\/wp\/v2\/media?parent=416"}],"curies":[{"name":"wp","href":"https:\/\/api.w.org\/{rel}","templated":true}]}}